{"id":1263,"date":"2022-07-21T03:53:20","date_gmt":"2022-07-21T03:53:20","guid":{"rendered":"https:\/\/patiotime.loftocean.com\/demo9\/?page_id=12"},"modified":"2026-03-31T12:36:37","modified_gmt":"2026-03-31T10:36:37","slug":"home","status":"publish","type":"page","link":"https:\/\/defeierwon.lu\/en\/","title":{"rendered":"Home"},"content":{"rendered":"\t\t<div data-elementor-type=\"wp-page\" data-elementor-id=\"1263\" class=\"elementor elementor-1263\">\n\t\t\t\t\t\t<section class=\"elementor-section elementor-top-section elementor-element elementor-element-e03438a pt_scroll_y_180 elementor-section-height-min-height pt-section-content-fullwidth pt-parallax-on-scroll animated-fast elementor-section-boxed elementor-section-height-default elementor-section-items-middle\" data-id=\"e03438a\" data-element_type=\"section\" data-e-type=\"section\" data-settings=\"{&quot;background_background&quot;:&quot;slideshow&quot;,&quot;animation&quot;:&quot;none&quot;,&quot;background_slideshow_gallery&quot;:[{&quot;id&quot;:2498,&quot;url&quot;:&quot;https:\\\/\\\/defeierwon.lu\\\/wp-content\\\/uploads\\\/2025\\\/09\\\/QA9A0584-scaled.jpg&quot;},{&quot;id&quot;:2499,&quot;url&quot;:&quot;https:\\\/\\\/defeierwon.lu\\\/wp-content\\\/uploads\\\/2025\\\/09\\\/QA9A0590-scaled.jpg&quot;}],&quot;background_slideshow_loop&quot;:&quot;yes&quot;,&quot;background_slideshow_slide_duration&quot;:5000,&quot;background_slideshow_slide_transition&quot;:&quot;fade&quot;,&quot;background_slideshow_transition_duration&quot;:500}\" data-pt-parallax-y=\"180\">\n\t\t\t\t\t\t\t<div class=\"elementor-background-overlay\"><\/div>\n\t\t\t\t\t\t\t<div class=\"elementor-container elementor-column-gap-no\">\n\t\t\t\t\t<div class=\"elementor-column elementor-col-100 elementor-top-column elementor-element elementor-element-7618d48\" data-id=\"7618d48\" data-element_type=\"column\" data-e-type=\"column\">\n\t\t\t<div class=\"elementor-widget-wrap elementor-element-populated\">\n\t\t\t\t\t\t<div class=\"elementor-element elementor-element-223d497 elementor-hidden-desktop elementor-hidden-tablet elementor-hidden-mobile elementor-widget elementor-widget-pt_title\" data-id=\"223d497\" data-element_type=\"widget\" data-e-type=\"widget\" data-widget_type=\"pt_title.default\">\n\t\t\t\t<div class=\"elementor-widget-container\">\n\t\t\t\t\t\n        <div class=\"pt-title-wrap text-center\">\t            <h1 class=\"pt-title\">\n\t                Le go\u00fbt du Luxembourg\t            <\/h1>        <\/div>\t\t\t\t<\/div>\n\t\t\t\t<\/div>\n\t\t\t\t<div class=\"elementor-element elementor-element-61865c6 elementor-widget elementor-widget-pt_title\" data-id=\"61865c6\" data-element_type=\"widget\" data-e-type=\"widget\" data-widget_type=\"pt_title.default\">\n\t\t\t\t<div class=\"elementor-widget-container\">\n\t\t\t\t\t\n        <div class=\"pt-title-wrap text-center\">\t            <h1 class=\"pt-title\">\n\t                Nous sommes ferm\u00e9s jusqu\u2019au 12 avril inclus.\t            <\/h1>        <\/div>\t\t\t\t<\/div>\n\t\t\t\t<\/div>\n\t\t\t\t\t<\/div>\n\t\t<\/div>\n\t\t\t\t\t<\/div>\n\t\t<\/section>\n\t\t\t\t<section class=\"elementor-section elementor-top-section elementor-element elementor-element-5cf658f pt_scroll_y_120 elementor-section-content-middle pt-section-content-fullwidth pt-parallax-on-scroll elementor-section-boxed elementor-section-height-default elementor-section-height-default\" data-id=\"5cf658f\" data-element_type=\"section\" data-e-type=\"section\" data-settings=\"{&quot;background_background&quot;:&quot;classic&quot;}\" data-pt-parallax-y=\"120\">\n\t\t\t\t\t\t\t<div class=\"elementor-background-overlay\"><\/div>\n\t\t\t\t\t\t\t<div class=\"elementor-container elementor-column-gap-no\">\n\t\t\t\t\t<div class=\"elementor-column elementor-col-50 elementor-top-column elementor-element elementor-element-037c860\" data-id=\"037c860\" data-element_type=\"column\" data-e-type=\"column\">\n\t\t\t<div class=\"elementor-widget-wrap elementor-element-populated\">\n\t\t\t\t\t\t<section class=\"elementor-section elementor-inner-section elementor-element elementor-element-b9ac2d3 elementor-section-boxed elementor-section-height-default elementor-section-height-default\" data-id=\"b9ac2d3\" data-element_type=\"section\" data-e-type=\"section\">\n\t\t\t\t\t\t<div class=\"elementor-container elementor-column-gap-no\">\n\t\t\t\t\t<div class=\"elementor-column elementor-col-50 elementor-inner-column elementor-element elementor-element-7c1c184 elementor-hidden-tablet elementor-hidden-mobile\" data-id=\"7c1c184\" data-element_type=\"column\" data-e-type=\"column\">\n\t\t\t<div class=\"elementor-widget-wrap elementor-element-populated\">\n\t\t\t\t\t\t<div class=\"elementor-element elementor-element-a462855 pt-animation-medium-offset elementor-invisible elementor-widget elementor-widget-image\" data-id=\"a462855\" data-element_type=\"widget\" data-e-type=\"widget\" data-settings=\"{&quot;_animation&quot;:&quot;fadeInUp&quot;,&quot;_animation_delay&quot;:200}\" data-widget_type=\"image.default\">\n\t\t\t\t<div class=\"elementor-widget-container\">\n\t\t\t\t\t\t\t\t\t\t\t\t\t\t\t<img fetchpriority=\"high\" decoding=\"async\" width=\"550\" height=\"825\" src=\"https:\/\/defeierwon.lu\/wp-content\/uploads\/2025\/09\/B-550x825.jpg\" class=\"attachment-patiotime_550x9999 size-patiotime_550x9999 wp-image-2514\" alt=\"\" srcset=\"https:\/\/defeierwon.lu\/wp-content\/uploads\/2025\/09\/B-550x825.jpg 550w, https:\/\/defeierwon.lu\/wp-content\/uploads\/2025\/09\/B-200x300.jpg 200w, https:\/\/defeierwon.lu\/wp-content\/uploads\/2025\/09\/B-683x1024.jpg 683w, https:\/\/defeierwon.lu\/wp-content\/uploads\/2025\/09\/B-768x1152.jpg 768w, https:\/\/defeierwon.lu\/wp-content\/uploads\/2025\/09\/B-1024x1536.jpg 1024w, https:\/\/defeierwon.lu\/wp-content\/uploads\/2025\/09\/B-8x12.jpg 8w, https:\/\/defeierwon.lu\/wp-content\/uploads\/2025\/09\/B-780x1170.jpg 780w, https:\/\/defeierwon.lu\/wp-content\/uploads\/2025\/09\/B-600x900.jpg 600w, https:\/\/defeierwon.lu\/wp-content\/uploads\/2025\/09\/B-370x555.jpg 370w, https:\/\/defeierwon.lu\/wp-content\/uploads\/2025\/09\/B-255x383.jpg 255w, https:\/\/defeierwon.lu\/wp-content\/uploads\/2025\/09\/B-100x150.jpg 100w, https:\/\/defeierwon.lu\/wp-content\/uploads\/2025\/09\/B.jpg 1200w\" sizes=\"(max-width: 550px) 100vw, 550px\" \/>\t\t\t\t\t\t\t\t\t\t\t\t\t\t\t<\/div>\n\t\t\t\t<\/div>\n\t\t\t\t\t<\/div>\n\t\t<\/div>\n\t\t\t\t<div class=\"elementor-column elementor-col-50 elementor-inner-column elementor-element elementor-element-38ce67f\" data-id=\"38ce67f\" data-element_type=\"column\" data-e-type=\"column\">\n\t\t\t<div class=\"elementor-widget-wrap elementor-element-populated\">\n\t\t\t\t\t\t<div class=\"elementor-element elementor-element-0bf768e elementor-widget elementor-widget-spacer\" data-id=\"0bf768e\" data-element_type=\"widget\" data-e-type=\"widget\" data-widget_type=\"spacer.default\">\n\t\t\t\t<div class=\"elementor-widget-container\">\n\t\t\t\t\t\t\t<div class=\"elementor-spacer\">\n\t\t\t<div class=\"elementor-spacer-inner\"><\/div>\n\t\t<\/div>\n\t\t\t\t\t\t<\/div>\n\t\t\t\t<\/div>\n\t\t\t\t<div class=\"elementor-element elementor-element-6b9a3eb pt-animation-medium-offset elementor-invisible elementor-widget elementor-widget-image\" data-id=\"6b9a3eb\" data-element_type=\"widget\" data-e-type=\"widget\" data-settings=\"{&quot;_animation&quot;:&quot;fadeInUp&quot;,&quot;_animation_delay&quot;:400}\" data-widget_type=\"image.default\">\n\t\t\t\t<div class=\"elementor-widget-container\">\n\t\t\t\t\t\t\t\t\t\t\t\t\t\t\t<img decoding=\"async\" width=\"550\" height=\"825\" src=\"https:\/\/defeierwon.lu\/wp-content\/uploads\/2025\/09\/Sans-titre-1-2-550x825.jpg\" class=\"attachment-patiotime_550x9999 size-patiotime_550x9999 wp-image-2518\" alt=\"\" srcset=\"https:\/\/defeierwon.lu\/wp-content\/uploads\/2025\/09\/Sans-titre-1-2-550x825.jpg 550w, https:\/\/defeierwon.lu\/wp-content\/uploads\/2025\/09\/Sans-titre-1-2-200x300.jpg 200w, https:\/\/defeierwon.lu\/wp-content\/uploads\/2025\/09\/Sans-titre-1-2-683x1024.jpg 683w, https:\/\/defeierwon.lu\/wp-content\/uploads\/2025\/09\/Sans-titre-1-2-768x1152.jpg 768w, https:\/\/defeierwon.lu\/wp-content\/uploads\/2025\/09\/Sans-titre-1-2-1024x1536.jpg 1024w, https:\/\/defeierwon.lu\/wp-content\/uploads\/2025\/09\/Sans-titre-1-2-8x12.jpg 8w, https:\/\/defeierwon.lu\/wp-content\/uploads\/2025\/09\/Sans-titre-1-2-780x1170.jpg 780w, https:\/\/defeierwon.lu\/wp-content\/uploads\/2025\/09\/Sans-titre-1-2-600x900.jpg 600w, https:\/\/defeierwon.lu\/wp-content\/uploads\/2025\/09\/Sans-titre-1-2-370x555.jpg 370w, https:\/\/defeierwon.lu\/wp-content\/uploads\/2025\/09\/Sans-titre-1-2-255x383.jpg 255w, https:\/\/defeierwon.lu\/wp-content\/uploads\/2025\/09\/Sans-titre-1-2-100x150.jpg 100w, https:\/\/defeierwon.lu\/wp-content\/uploads\/2025\/09\/Sans-titre-1-2.jpg 1200w\" sizes=\"(max-width: 550px) 100vw, 550px\" \/>\t\t\t\t\t\t\t\t\t\t\t\t\t\t\t<\/div>\n\t\t\t\t<\/div>\n\t\t\t\t\t<\/div>\n\t\t<\/div>\n\t\t\t\t\t<\/div>\n\t\t<\/section>\n\t\t\t\t\t<\/div>\n\t\t<\/div>\n\t\t\t\t<div class=\"elementor-column elementor-col-50 elementor-top-column elementor-element elementor-element-08b3fbf\" data-id=\"08b3fbf\" data-element_type=\"column\" data-e-type=\"column\">\n\t\t\t<div class=\"elementor-widget-wrap elementor-element-populated\">\n\t\t\t\t\t\t<div class=\"elementor-element elementor-element-5206ec5 elementor-absolute elementor-widget__width-auto elementor-widget elementor-widget-image\" data-id=\"5206ec5\" data-element_type=\"widget\" data-e-type=\"widget\" data-settings=\"{&quot;_position&quot;:&quot;absolute&quot;}\" data-widget_type=\"image.default\">\n\t\t\t\t<div class=\"elementor-widget-container\">\n\t\t\t\t\t\t\t\t\t\t\t\t\t\t\t<img decoding=\"async\" width=\"611\" height=\"610\" src=\"https:\/\/defeierwon.lu\/wp-content\/uploads\/2024\/04\/DFW_Local-1.png\" class=\"attachment-full size-full wp-image-1408\" alt=\"\" srcset=\"https:\/\/defeierwon.lu\/wp-content\/uploads\/2024\/04\/DFW_Local-1.png 611w, https:\/\/defeierwon.lu\/wp-content\/uploads\/2024\/04\/DFW_Local-1-300x300.png 300w, https:\/\/defeierwon.lu\/wp-content\/uploads\/2024\/04\/DFW_Local-1-150x150.png 150w, https:\/\/defeierwon.lu\/wp-content\/uploads\/2024\/04\/DFW_Local-1-600x599.png 600w, https:\/\/defeierwon.lu\/wp-content\/uploads\/2024\/04\/DFW_Local-1-550x549.png 550w, https:\/\/defeierwon.lu\/wp-content\/uploads\/2024\/04\/DFW_Local-1-370x369.png 370w, https:\/\/defeierwon.lu\/wp-content\/uploads\/2024\/04\/DFW_Local-1-255x255.png 255w\" sizes=\"(max-width: 611px) 100vw, 611px\" \/>\t\t\t\t\t\t\t\t\t\t\t\t\t\t\t<\/div>\n\t\t\t\t<\/div>\n\t\t\t\t<div class=\"elementor-element elementor-element-0c53a8b elementor-widget elementor-widget-pt_title\" data-id=\"0c53a8b\" data-element_type=\"widget\" data-e-type=\"widget\" data-widget_type=\"pt_title.default\">\n\t\t\t\t<div class=\"elementor-widget-container\">\n\t\t\t\t\t\n        <div class=\"pt-title-wrap\">\t            <div class=\"pt-subtitle-wrap\"><span class=\"pt-subtitle\">Luxembourg<\/span><\/div>\t            <h2 class=\"pt-title\">\n\t                Artisans\nlocaux\t            <\/h2>\t            <div class=\"pt-title-text\">\n\t                <p class=\"p2\">Chez De Feierwon, nous c\u00e9l\u00e9brons le savoir-faire local du Luxembourg. De Schuttrange \u00e0 Kleinbettingen, nos partenaires, comme les paniers de Sandrine et Moulins Kleinbettingen, ainsi que la ferme de Meyrishaff \u00e0 Tandel, incarnent la richesse artisanale de notre r\u00e9gion.<\/p><p class=\"p2\">Dans notre restaurant, chaque plat est une ode \u00e0 l\u2019authenticit\u00e9, pr\u00e9par\u00e9 avec soin \u00e0 partir d\u2019ingr\u00e9dients locaux, pour vous offrir une exp\u00e9rience culinaire inoubliable<\/p>\t            <\/div>                <div class=\"pt-title-btn\">\n                    <a class=\"button elementor-button-link pt-btn-underline\" role=\"button\" href=\"\/reserver\/\">\n                        <span class=\"pt-btn-text\">R\u00e9server<\/span>\n                    <\/a>\n                <\/div>\n                    <\/div>\t\t\t\t<\/div>\n\t\t\t\t<\/div>\n\t\t\t\t\t<\/div>\n\t\t<\/div>\n\t\t\t\t\t<\/div>\n\t\t<\/section>\n\t\t\t\t<section class=\"elementor-section elementor-top-section elementor-element elementor-element-db3c3a6 pt_scroll_y_120 elementor-section-content-middle pt-section-content-fullwidth pt-parallax-on-scroll elementor-section-boxed elementor-section-height-default elementor-section-height-default\" data-id=\"db3c3a6\" data-element_type=\"section\" data-e-type=\"section\" data-settings=\"{&quot;background_background&quot;:&quot;classic&quot;}\" data-pt-parallax-y=\"120\">\n\t\t\t\t\t\t\t<div class=\"elementor-background-overlay\"><\/div>\n\t\t\t\t\t\t\t<div class=\"elementor-container elementor-column-gap-no\">\n\t\t\t\t\t<div class=\"elementor-column elementor-col-50 elementor-top-column elementor-element elementor-element-8e79d6d\" data-id=\"8e79d6d\" data-element_type=\"column\" data-e-type=\"column\" data-settings=\"{&quot;animation&quot;:&quot;none&quot;}\">\n\t\t\t<div class=\"elementor-widget-wrap elementor-element-populated\">\n\t\t\t\t\t\t<div class=\"elementor-element elementor-element-fba4673 elementor-widget elementor-widget-pt_title\" data-id=\"fba4673\" data-element_type=\"widget\" data-e-type=\"widget\" data-settings=\"{&quot;_animation&quot;:&quot;none&quot;}\" data-widget_type=\"pt_title.default\">\n\t\t\t\t<div class=\"elementor-widget-container\">\n\t\t\t\t\t\n        <div class=\"pt-title-wrap\">\t            <div class=\"pt-subtitle-wrap\"><span class=\"pt-subtitle\">Depuis 1921<\/span><\/div>\t            <h2 class=\"pt-title\">\n\t                Bernard Massard\t            <\/h2>\t            <div class=\"pt-title-text\">\n\t                <p>Une entreprise familiale depuis 5 g\u00e9n\u00e9rations, leur passion est de cr\u00e9er des cuv\u00e9es d&rsquo;une qualit\u00e9 irr\u00e9prochable, en respectant les traditions tout en embrassant le progr\u00e8s social, environnemental et qualitatif.<\/p><p>Ils \u00e9laborent chaque ann\u00e9e de magnifiques cuv\u00e9es et grands vins luxembourgeois, offrant ainsi aux d\u00e9gustateurs des moments de plaisir inoubliables.<\/p><p>En tant que premier producteur familial de vins tranquilles et effervescents du Luxembourg, avec pr\u00e8s de 100 ans d&rsquo;existence, ils restent fid\u00e8les aux valeurs et \u00e0 l&rsquo;esprit d&rsquo;entreprise de leurs fondateurs.<\/p>\t            <\/div>        <\/div>\t\t\t\t<\/div>\n\t\t\t\t<\/div>\n\t\t\t\t\t<\/div>\n\t\t<\/div>\n\t\t\t\t<div class=\"elementor-column elementor-col-50 elementor-top-column elementor-element elementor-element-e3e4e11\" data-id=\"e3e4e11\" data-element_type=\"column\" data-e-type=\"column\">\n\t\t\t<div class=\"elementor-widget-wrap elementor-element-populated\">\n\t\t\t\t\t\t<section class=\"elementor-section elementor-inner-section elementor-element elementor-element-5ada22c elementor-section-boxed elementor-section-height-default elementor-section-height-default elementor-invisible\" data-id=\"5ada22c\" data-element_type=\"section\" data-e-type=\"section\" data-settings=\"{&quot;animation&quot;:&quot;fadeInUp&quot;}\">\n\t\t\t\t\t\t<div class=\"elementor-container elementor-column-gap-no\">\n\t\t\t\t\t<div class=\"elementor-column elementor-col-100 elementor-inner-column elementor-element elementor-element-960e9bd\" data-id=\"960e9bd\" data-element_type=\"column\" data-e-type=\"column\">\n\t\t\t<div class=\"elementor-widget-wrap elementor-element-populated\">\n\t\t\t\t\t\t<div class=\"elementor-element elementor-element-aaab5db elementor-widget elementor-widget-image\" data-id=\"aaab5db\" data-element_type=\"widget\" data-e-type=\"widget\" data-widget_type=\"image.default\">\n\t\t\t\t<div class=\"elementor-widget-container\">\n\t\t\t\t\t\t\t\t\t\t\t\t\t\t\t<img loading=\"lazy\" decoding=\"async\" width=\"1024\" height=\"717\" src=\"https:\/\/defeierwon.lu\/wp-content\/uploads\/2024\/04\/slider-image-02-1024x717.jpeg\" class=\"attachment-large size-large wp-image-1385\" alt=\"\" srcset=\"https:\/\/defeierwon.lu\/wp-content\/uploads\/2024\/04\/slider-image-02-1024x717.jpeg 1024w, https:\/\/defeierwon.lu\/wp-content\/uploads\/2024\/04\/slider-image-02-300x210.jpeg 300w, https:\/\/defeierwon.lu\/wp-content\/uploads\/2024\/04\/slider-image-02-768x538.jpeg 768w, https:\/\/defeierwon.lu\/wp-content\/uploads\/2024\/04\/slider-image-02-1536x1075.jpeg 1536w, https:\/\/defeierwon.lu\/wp-content\/uploads\/2024\/04\/slider-image-02-1920x1344.jpeg 1920w, https:\/\/defeierwon.lu\/wp-content\/uploads\/2024\/04\/slider-image-02-1440x1008.jpeg 1440w, https:\/\/defeierwon.lu\/wp-content\/uploads\/2024\/04\/slider-image-02-1200x840.jpeg 1200w, https:\/\/defeierwon.lu\/wp-content\/uploads\/2024\/04\/slider-image-02-780x546.jpeg 780w, https:\/\/defeierwon.lu\/wp-content\/uploads\/2024\/04\/slider-image-02-600x420.jpeg 600w, https:\/\/defeierwon.lu\/wp-content\/uploads\/2024\/04\/slider-image-02-550x385.jpeg 550w, https:\/\/defeierwon.lu\/wp-content\/uploads\/2024\/04\/slider-image-02-370x259.jpeg 370w, https:\/\/defeierwon.lu\/wp-content\/uploads\/2024\/04\/slider-image-02-255x179.jpeg 255w, https:\/\/defeierwon.lu\/wp-content\/uploads\/2024\/04\/slider-image-02-150x105.jpeg 150w, https:\/\/defeierwon.lu\/wp-content\/uploads\/2024\/04\/slider-image-02.jpeg 2000w\" sizes=\"(max-width: 1024px) 100vw, 1024px\" \/>\t\t\t\t\t\t\t\t\t\t\t\t\t\t\t<\/div>\n\t\t\t\t<\/div>\n\t\t\t\t<div class=\"elementor-element elementor-element-ef77618 elementor-widget elementor-widget-spacer\" data-id=\"ef77618\" data-element_type=\"widget\" data-e-type=\"widget\" data-widget_type=\"spacer.default\">\n\t\t\t\t<div class=\"elementor-widget-container\">\n\t\t\t\t\t\t\t<div class=\"elementor-spacer\">\n\t\t\t<div class=\"elementor-spacer-inner\"><\/div>\n\t\t<\/div>\n\t\t\t\t\t\t<\/div>\n\t\t\t\t<\/div>\n\t\t\t\t\t<\/div>\n\t\t<\/div>\n\t\t\t\t\t<\/div>\n\t\t<\/section>\n\t\t\t\t\t<\/div>\n\t\t<\/div>\n\t\t\t\t\t<\/div>\n\t\t<\/section>\n\t\t<div class=\"elementor-element elementor-element-1d7d192 e-flex e-con-boxed e-con e-parent\" data-id=\"1d7d192\" data-element_type=\"container\" data-e-type=\"container\">\n\t\t\t\t\t<div class=\"e-con-inner\">\n\t\t\t\t<div class=\"elementor-element elementor-element-108f8ec elementor-widget elementor-widget-pt_title\" data-id=\"108f8ec\" data-element_type=\"widget\" data-e-type=\"widget\" data-widget_type=\"pt_title.default\">\n\t\t\t\t<div class=\"elementor-widget-container\">\n\t\t\t\t\t\n        <div class=\"pt-title-wrap text-center\">\t            <div class=\"pt-subtitle-wrap\"><span class=\"pt-subtitle\">Boutique De Feierwon<\/span><\/div>\t            <h4 class=\"pt-title\">\n\t                Cadeaux &amp; Exp\u00e9riences\t            <\/h4>\t            <div class=\"pt-title-text\">\n\t                <p>Vivez des instants gourmands et conviviaux autour de nos tables, o\u00f9 les produits du terroir r\u00e9v\u00e8lent toute leur saveur.<\/p>\t            <\/div>        <\/div>\t\t\t\t<\/div>\n\t\t\t\t<\/div>\n\t\t\t\t\t<\/div>\n\t\t\t\t<\/div>\n\t\t<div class=\"elementor-element elementor-element-60c1627 e-flex e-con-boxed e-con e-parent\" data-id=\"60c1627\" data-element_type=\"container\" data-e-type=\"container\">\n\t\t\t\t\t<div class=\"e-con-inner\">\n\t\t\t\t<div class=\"elementor-element elementor-element-8143f2f elementor-widget elementor-widget-pt_products\" data-id=\"8143f2f\" data-element_type=\"widget\" data-e-type=\"widget\" data-widget_type=\"pt_products.default\">\n\t\t\t\t<div class=\"elementor-widget-container\">\n\t\t\t\t\t            <div class=\"woocommerce\">\n    \t\t\t<ul class=\"products columns-4\">\n    \t\t\t\t<li class=\"product type-product post-2168 status-publish instock product_cat-bons-cadeaux product_cat-promo has-post-thumbnail virtual sold-individually purchasable product-type-simple first\">\n\t\t\t\t\t \t\t\t<div class=\"product-image\"><a href=\"https:\/\/defeierwon.lu\/en\/product\/cheque-cadeau\/\" class=\"woocommerce-LoopProduct-link woocommerce-loop-product__link\"><img loading=\"lazy\" decoding=\"async\" width=\"300\" height=\"300\" src=\"https:\/\/defeierwon.lu\/wp-content\/uploads\/2025\/03\/voucher-1-1200x1200-1-300x300.jpg\" class=\"attachment-woocommerce_thumbnail size-woocommerce_thumbnail\" alt=\"Ch\u00e8que cadeau\" srcset=\"https:\/\/defeierwon.lu\/wp-content\/uploads\/2025\/03\/voucher-1-1200x1200-1-300x300.jpg 300w, https:\/\/defeierwon.lu\/wp-content\/uploads\/2025\/03\/voucher-1-1200x1200-1-1024x1024.jpg 1024w, https:\/\/defeierwon.lu\/wp-content\/uploads\/2025\/03\/voucher-1-1200x1200-1-150x150.jpg 150w, https:\/\/defeierwon.lu\/wp-content\/uploads\/2025\/03\/voucher-1-1200x1200-1-768x768.jpg 768w, https:\/\/defeierwon.lu\/wp-content\/uploads\/2025\/03\/voucher-1-1200x1200-1-12x12.jpg 12w, https:\/\/defeierwon.lu\/wp-content\/uploads\/2025\/03\/voucher-1-1200x1200-1-780x780.jpg 780w, https:\/\/defeierwon.lu\/wp-content\/uploads\/2025\/03\/voucher-1-1200x1200-1-600x600.jpg 600w, https:\/\/defeierwon.lu\/wp-content\/uploads\/2025\/03\/voucher-1-1200x1200-1-550x550.jpg 550w, https:\/\/defeierwon.lu\/wp-content\/uploads\/2025\/03\/voucher-1-1200x1200-1-370x370.jpg 370w, https:\/\/defeierwon.lu\/wp-content\/uploads\/2025\/03\/voucher-1-1200x1200-1-255x255.jpg 255w, https:\/\/defeierwon.lu\/wp-content\/uploads\/2025\/03\/voucher-1-1200x1200-1.jpg 1200w\" sizes=\"(max-width: 300px) 100vw, 300px\" \/><\/a>\t<span id=\"woocommerce_loop_add_to_cart_link_describedby_2168\" class=\"screen-reader-text\">\n\t\t\t<\/span>\n\t\t<\/div><a href=\"https:\/\/defeierwon.lu\/en\/product\/cheque-cadeau\/\" class=\"woocommerce-LoopProduct-link woocommerce-loop-product__link\"><h2 class=\"woocommerce-loop-product__title\">Ch\u00e8que cadeau<\/h2>\n\t<span class=\"price\"><span class=\"woocommerce-Price-amount amount\"><bdi>0,00&nbsp;<span class=\"woocommerce-Price-currencySymbol\">&euro;<\/span><\/bdi><\/span><\/span>\n<div class=\"woocommerce-product-details__short-description\">\n\t<p>Surprenez vos proches en leur offrant une exp\u00e9rience gastronomique unique&#8230;<\/p>\n<\/div>\n<\/a>    \t\t\t\t<\/li>    \t\t\t<\/ul>            <\/div>\t\t\t\t<\/div>\n\t\t\t\t<\/div>\n\t\t\t\t\t<\/div>\n\t\t\t\t<\/div>\n\t\t\t\t<\/div>\n\t\t","protected":false},"excerpt":{"rendered":"<p>Le go\u00fbt du Luxembourg Nous sommes ferm\u00e9s jusqu\u2019au 12 avril inclus. Luxembourg Artisans locaux Chez De Feierwon, nous c\u00e9l\u00e9brons le savoir-faire local du Luxembourg. De Schuttrange \u00e0 Kleinbettingen, nos partenaires, comme les paniers de Sandrine et Moulins Kleinbettingen, ainsi que la ferme de Meyrishaff \u00e0 Tandel, incarnent la richesse artisanale de notre r\u00e9gion. Dans notre &#8230;<\/p>","protected":false},"author":1,"featured_media":0,"parent":0,"menu_order":0,"comment_status":"closed","ping_status":"closed","template":"template-wide-content.php","meta":{"patiotime_single_page_hide_site_header":"","patiotime_single_page_site_header_source":"","patiotime_single_page_custom_site_header":"0","patiotime_single_page_custom_sticky_site_header":"0","patiotime_single_page_custom_page_title_margin_top_source":"","patiotime_single_page_custom_page_title_desktop_margin_top":"","patiotime_single_page_custom_page_title_tablet_margin_top":"","patiotime_single_page_custom_page_title_mobile_margin_top":"","patiotime_single_page_hide_page_title":"on","patiotime_single_page_header_section_size":"","patiotime_single_page_header_background_color":"","patiotime_single_page_header_background_position_x":"center","patiotime_single_page_header_background_position_y":"center","patiotime_single_page_header_background_size":"cover","patiotime_single_page_header_background_repeat":"off","patiotime_single_page_header_background_scroll":"on","patiotime_single_page_header_text_color":"","patiotime_single_page_header_show_breadcrumb":"","patiotime_single_page_site_footer_hide_main":"","patiotime_single_custom_site_footer_main_source":"","patiotime_single_custom_site_footer_main":"0","patiotime_single_page_site_footer_hide_above":"","patiotime_single_custom_site_footer_above_source":"","patiotime_single_custom_site_footer_above":"0","patiotime_single_page_site_footer_hide_instagram":"","patiotime_single_page_site_footer_hide_bottom":"","patiotime_single_custom_mobile_menu_source":"","patiotime_single_custom_mobile_menu":"0","patiotime_single_custom_mobile_menu_animation":"","patiotime_single_custom_mobile_menu_width":"","patiotime_single_custom_mobile_menu_custom_width":375,"footnotes":""},"class_list":["post-1263","page","type-page","status-publish","hentry"],"_links":{"self":[{"href":"https:\/\/defeierwon.lu\/en\/wp-json\/wp\/v2\/pages\/1263","targetHints":{"allow":["GET"]}}],"collection":[{"href":"https:\/\/defeierwon.lu\/en\/wp-json\/wp\/v2\/pages"}],"about":[{"href":"https:\/\/defeierwon.lu\/en\/wp-json\/wp\/v2\/types\/page"}],"author":[{"embeddable":true,"href":"https:\/\/defeierwon.lu\/en\/wp-json\/wp\/v2\/users\/1"}],"replies":[{"embeddable":true,"href":"https:\/\/defeierwon.lu\/en\/wp-json\/wp\/v2\/comments?post=1263"}],"version-history":[{"count":326,"href":"https:\/\/defeierwon.lu\/en\/wp-json\/wp\/v2\/pages\/1263\/revisions"}],"predecessor-version":[{"id":2736,"href":"https:\/\/defeierwon.lu\/en\/wp-json\/wp\/v2\/pages\/1263\/revisions\/2736"}],"wp:attachment":[{"href":"https:\/\/defeierwon.lu\/en\/wp-json\/wp\/v2\/media?parent=1263"}],"curies":[{"name":"wp","href":"https:\/\/api.w.org\/{rel}","templated":true}]}}